{"id":59,"date":"2026-03-25T20:39:41","date_gmt":"2026-03-25T20:39:41","guid":{"rendered":"https:\/\/www.zidovkazjizaku.cz\/?page_id=59"},"modified":"2026-04-28T06:26:40","modified_gmt":"2026-04-28T06:26:40","slug":"o-mne","status":"publish","type":"page","link":"https:\/\/www.zidovkazjizaku.cz\/?page_id=59","title":{"rendered":"O mn\u011b"},"content":{"rendered":"\n<p>Jmenuji se Monika Yael Erez. Yael se k&nbsp;rodn\u00e9 Monice p\u0159idala v&nbsp;listopadu 2018, po moj\u00ed \u00fasp\u011b\u0161n\u00e9 konverzi k&nbsp;judaismu.&nbsp;<\/p>\n\n\n\n<p>Svat\u00e1 zem m\u011b okouzlila u\u017e p\u0159i prvn\u00ed n\u00e1v\u0161t\u011bv\u011b v&nbsp;roce 2008. O dva roky pozd\u011bji, b\u011bhem m\u00e9 slu\u017eebn\u00ed cesty v&nbsp;severoizraelsk\u00e9 Haif\u011b, m\u011b okouzlil tak\u00e9 jeden jej\u00ed obyvatel, za kter\u00fdm jsem se v&nbsp;lednu 2011 odst\u011bhovala do mo\u0161avu bl\u00edzko hranic s&nbsp;Libanonem.<\/p>\n\n\n\n<p>M\u016fj mu\u017e je, jak asi spr\u00e1vn\u011b tu\u0161\u00edte, m\u00edstn\u00ed, Izraelec. Jmenuje se Giyora a hodn\u011b se o n\u011bm do\u010dtete. A jo, st\u011bhovala jsem se sem kv\u016fli n\u011bmu. Sl\u00edbil mi, \u017ee se s\u00a0n\u00edm nikdy nebudu nudit\u2026 . Poznali jsme se ve firm\u011b, kde jsme oba pracovali, kdy\u017e m\u011b do Izraele v\u00a0roce 2010 poslali na t\u0159i t\u00fddny na slu\u017eebn\u00ed cestu. M\u00e1me spolu \u010dty\u0159i potomky \u2013 t\u0159i syny a hol\u010di\u010dku. Nejmenuj\u00ed se David, Jakub, Mat\u011bj a Hana, ale pro zachov\u00e1n\u00ed anonymity (a zjednodu\u0161en\u00ed sklo\u0148ov\u00e1n\u00ed v \u010de\u0161tin\u011b ;)) jim tady na blogu takhle budeme \u0159\u00edkat. Nejstar\u0161\u00ed se narodil 2013 a nejmlad\u0161\u00ed 2021.\u00a0\u017dijeme ve vesni\u010dce na izraelsk\u00e9m severu, des\u00edtky kilometr\u016f nad Haifou, kus do vnitrozem\u00ed od Akka. \u017divot tady miluju a neum\u00edm si p\u0159edstavit m\u00edsto, kde by mi bylo l\u00edp! I po v\u0161ech v\u00e1lk\u00e1ch, co jsem tu u\u017e za\u017eila\u2026\u00a0<\/p>\n\n\n\n<p>P\u016fvodn\u00ed z\u00e1m\u011br m\u00e9ho blogu byl informovat p\u0159\u00e1tel\u00e9 o tom, jak se mi tu \u017eije, a tak\u00e9 uklidnit ty, co se o m\u011b strachovali.&nbsp;<\/p>\n","protected":false},"excerpt":{"rendered":"<p>Jmenuji se Monika Yael Erez. Yael se k&nbsp;rodn\u00e9 Monice p\u0159idala v&nbsp;listopadu 2018, po moj\u00ed \u00fasp\u011b\u0161n\u00e9 konverzi k&nbsp;judaismu.&nbsp; Svat\u00e1 zem m\u011b okouzlila u\u017e p\u0159i prvn\u00ed n\u00e1v\u0161t\u011bv\u011b v&nbsp;roce 2008. O dva roky pozd\u011bji, b\u011bhem m\u00e9 slu\u017eebn\u00ed cesty v&nbsp;severoizraelsk\u00e9 Haif\u011b, m\u011b okouzlil tak\u00e9 jeden jej\u00ed obyvatel, za kter\u00fdm jsem se v&nbsp;lednu 2011 odst\u011bhovala do mo\u0161avu bl\u00edzko hranic s&nbsp;Libanonem. &hellip; <\/p>\n<p class=\"link-more\"><a href=\"https:\/\/www.zidovkazjizaku.cz\/?page_id=59\" class=\"more-link\">Pokra\u010dovat ve \u010dten\u00ed<span class=\"screen-reader-text\"> &#8222;O mn\u011b&#8220;<\/span><\/a><\/p>\n","protected":false},"author":1,"featured_media":0,"parent":0,"menu_order":0,"comment_status":"closed","ping_status":"closed","template":"","meta":{"footnotes":""},"class_list":["post-59","page","type-page","status-publish","hentry"],"_links":{"self":[{"href":"https:\/\/www.zidovkazjizaku.cz\/index.php?rest_route=\/wp\/v2\/pages\/59","targetHints":{"allow":["GET"]}}],"collection":[{"href":"https:\/\/www.zidovkazjizaku.cz\/index.php?rest_route=\/wp\/v2\/pages"}],"about":[{"href":"https:\/\/www.zidovkazjizaku.cz\/index.php?rest_route=\/wp\/v2\/types\/page"}],"author":[{"embeddable":true,"href":"https:\/\/www.zidovkazjizaku.cz\/index.php?rest_route=\/wp\/v2\/users\/1"}],"replies":[{"embeddable":true,"href":"https:\/\/www.zidovkazjizaku.cz\/index.php?rest_route=%2Fwp%2Fv2%2Fcomments&post=59"}],"version-history":[{"count":4,"href":"https:\/\/www.zidovkazjizaku.cz\/index.php?rest_route=\/wp\/v2\/pages\/59\/revisions"}],"predecessor-version":[{"id":321,"href":"https:\/\/www.zidovkazjizaku.cz\/index.php?rest_route=\/wp\/v2\/pages\/59\/revisions\/321"}],"wp:attachment":[{"href":"https:\/\/www.zidovkazjizaku.cz\/index.php?rest_route=%2Fwp%2Fv2%2Fmedia&parent=59"}],"curies":[{"name":"wp","href":"https:\/\/api.w.org\/{rel}","templated":true}]}}